{"id":10376,"date":"2017-01-19T14:39:43","date_gmt":"2017-01-19T14:39:43","guid":{"rendered":"http:\/\/restorator.evatheme.com\/?page_id=10376"},"modified":"2025-10-28T17:25:56","modified_gmt":"2025-10-28T17:25:56","slug":"home-5","status":"publish","type":"page","link":"https:\/\/osterialunarossa.de\/","title":{"rendered":"Osteria Luna Rossa Regensburg"},"content":{"rendered":"<p>[vc_row css=&#8220;.vc_custom_1484752003022{margin-top: 0px !important;margin-bottom: 0px !important;padding-top: 0px !important;padding-bottom: 0px !important;}&#8220;][vc_column][vc_column_text]<link href=\"https:\/\/fonts.googleapis.com\/css?family=Lato:900%2C700|Roboto:500\" rel=\"stylesheet\" property=\"stylesheet\" type=\"text\/css\" media=\"all\">\n<div id=\"rev_slider_5_1_wrapper\" class=\"rev_slider_wrapper fullwidthbanner-container\" data-source=\"gallery\" style=\"margin:0px auto;background-color:transparent;padding:0px;margin-top:0px;margin-bottom:0px;\">\n<!-- START REVOLUTION SLIDER 5.3.1.5 fullwidth mode -->\n\t<div id=\"rev_slider_5_1\" class=\"rev_slider fullwidthabanner\" style=\"display:none;\" data-version=\"5.3.1.5\">\n<ul>\t<!-- SLIDE  -->\n\t<li data-index=\"rs-10\" data-transition=\"fade\" data-slotamount=\"default\" data-hideafterloop=\"0\" data-hideslideonmobile=\"off\"  data-easein=\"default\" data-easeout=\"default\" data-masterspeed=\"300\"  data-rotate=\"0\"  data-saveperformance=\"off\"  data-title=\"Slide\" data-param1=\"\" data-param2=\"\" data-param3=\"\" data-param4=\"\" data-param5=\"\" data-param6=\"\" data-param7=\"\" data-param8=\"\" data-param9=\"\" data-param10=\"\" data-description=\"\">\n\t\t<!-- MAIN IMAGE -->\n\t\t<img loading=\"lazy\" decoding=\"async\" src=\"https:\/\/osterialunarossa.de\/wp-content\/uploads\/2017\/03\/Untitled-design-35.jpg\"  alt=\"\" title=\"Untitled design (35)\"  width=\"1920\" height=\"1080\" data-bgposition=\"center center\" data-bgfit=\"cover\" data-bgrepeat=\"no-repeat\" data-bgparallax=\"14\" class=\"rev-slidebg\" data-no-retina>\n\t\t<!-- LAYERS -->\n\n\t\t<!-- LAYER NR. 1 -->\n\t\t<div class=\"tp-caption   tp-resizeme\" \n\t\t\t id=\"slide-10-layer-1\" \n\t\t\t data-x=\"\" \n\t\t\t data-y=\"center\" data-voffset=\"13\" \n\t\t\t\t\t\tdata-width=\"['785']\"\n\t\t\tdata-height=\"['auto']\"\n \n\t\t\tdata-type=\"text\" \n\t\t\tdata-responsive_offset=\"on\" \n\n\t\t\tdata-frames='[{\"delay\":500,\"speed\":700,\"frame\":\"0\",\"from\":\"y:bottom;rX:-20deg;rY:-20deg;rZ:0deg;\",\"to\":\"o:1;\",\"ease\":\"Power3.easeOut\"},{\"delay\":\"wait\",\"speed\":300,\"frame\":\"999\",\"to\":\"opacity:0;\",\"ease\":\"Power2.easeIn\"}]'\n\t\t\tdata-textAlign=\"['left','left','left','left']\"\n\t\t\tdata-paddingtop=\"[0,0,0,0]\"\n\t\t\tdata-paddingright=\"[0,0,0,0]\"\n\t\t\tdata-paddingbottom=\"[0,0,0,0]\"\n\t\t\tdata-paddingleft=\"[0,0,0,0]\"\n\n\t\t\tstyle=\"z-index: 5; min-width: 785px; max-width: 785px; white-space: normal; font-size: 54px; line-height: 80px; font-weight: 900; color: rgba(10, 10, 10, 0.90);font-family:Lato;\">\nItalienische K\u00fcche <\/div>\n\n\t\t<!-- LAYER NR. 2 -->\n\t\t<div class=\"tp-caption rev-btn \" \n\t\t\t id=\"slide-10-layer-7\" \n\t\t\t data-x=\"\" \n\t\t\t data-y=\"center\" data-voffset=\"156\" \n\t\t\t\t\t\tdata-width=\"['auto']\"\n\t\t\tdata-height=\"['auto']\"\n \n\t\t\tdata-type=\"button\" \n\t\t\tdata-actions='[{\"event\":\"click\",\"action\":\"simplelink\",\"target\":\"_self\",\"url\":\"https:\\\/\\\/www.osterialunarossa.de\\\/?page_id=9976\",\"delay\":\"300\"}]'\n\t\t\tdata-responsive_offset=\"on\" \n\t\t\tdata-responsive=\"off\"\n\t\t\tdata-frames='[{\"delay\":500,\"speed\":800,\"frame\":\"0\",\"from\":\"x:[100%];z:0;rX:0deg;rY:0;rZ:0;sX:1;sY:1;skX:0;skY:0;\",\"mask\":\"x:0px;y:0px;s:inherit;e:inherit;\",\"to\":\"o:1;\",\"ease\":\"Power3.easeInOut\"},{\"delay\":\"wait\",\"speed\":300,\"frame\":\"999\",\"to\":\"y:[100%];\",\"mask\":\"x:inherit;y:inherit;s:inherit;e:inherit;\",\"ease\":\"nothing\"},{\"frame\":\"hover\",\"speed\":\"0\",\"ease\":\"Linear.easeNone\",\"to\":\"o:1;rX:0;rY:0;rZ:0;z:0;\",\"style\":\"c:rgba(0, 0, 0, 1.00);bg:rgba(255, 255, 255, 1.00);bc:rgba(0, 0, 0, 0);bs:solid;bw:0 0 0 0;\"}]'\n\t\t\tdata-textAlign=\"['left','left','left','left']\"\n\t\t\tdata-paddingtop=\"[20,20,20,20]\"\n\t\t\tdata-paddingright=\"[35,35,35,35]\"\n\t\t\tdata-paddingbottom=\"[20,20,20,20]\"\n\t\t\tdata-paddingleft=\"[35,35,35,35]\"\n\n\t\t\tstyle=\"z-index: 6; white-space: nowrap; font-size: 17px; line-height: 17px; font-weight: 500; color: rgba(255, 255, 255, 1.00);font-family:Roboto;background-color:rgba(165, 29, 34, 1.00);border-color:rgba(0, 0, 0, 1.00);outline:none;box-shadow:none;box-sizing:border-box;-moz-box-sizing:border-box;-webkit-box-sizing:border-box;cursor:pointer;\">Zur Speisekarte <\/div>\n\n\t\t<!-- LAYER NR. 3 -->\n\t\t<div class=\"tp-caption   tp-resizeme\" \n\t\t\t id=\"slide-10-layer-9\" \n\t\t\t data-x=\"297\" \n\t\t\t data-y=\"center\" data-voffset=\"45\" \n\t\t\t\t\t\tdata-width=\"['379']\"\n\t\t\tdata-height=\"['33']\"\n \n\t\t\tdata-type=\"text\" \n\t\t\tdata-responsive_offset=\"on\" \n\n\t\t\tdata-frames='[{\"delay\":500,\"speed\":700,\"frame\":\"0\",\"from\":\"y:bottom;rX:-20deg;rY:-20deg;rZ:0deg;\",\"to\":\"o:1;\",\"ease\":\"Power3.easeOut\"},{\"delay\":\"wait\",\"speed\":300,\"frame\":\"999\",\"to\":\"opacity:0;\",\"ease\":\"Power2.easeIn\"}]'\n\t\t\tdata-textAlign=\"['left','left','left','left']\"\n\t\t\tdata-paddingtop=\"[0,0,0,0]\"\n\t\t\tdata-paddingright=\"[0,0,0,0]\"\n\t\t\tdata-paddingbottom=\"[0,0,0,0]\"\n\t\t\tdata-paddingleft=\"[0,0,0,0]\"\n\n\t\t\tstyle=\"z-index: 7; min-width: 379px; max-width: 379px; max-width: 33px; max-width: 33px; white-space: normal; font-size: 24px; line-height: 34px; font-weight: 700; color: rgba(10, 10, 10, 0.90);font-family:Lato;\">\nin Regensburg <\/div>\n\t<\/li>\n<\/ul>\n<div class=\"tp-bannertimer tp-bottom\" style=\"visibility: hidden !important;\"><\/div>\t<\/div>\n<script>var htmlDiv = document.getElementById(\"rs-plugin-settings-inline-css\"); var htmlDivCss=\"\";\r\n\t\t\t\tif(htmlDiv) {\r\n\t\t\t\t\thtmlDiv.innerHTML = htmlDiv.innerHTML + htmlDivCss;\r\n\t\t\t\t}else{\r\n\t\t\t\t\tvar htmlDiv = document.createElement(\"div\");\r\n\t\t\t\t\thtmlDiv.innerHTML = \"<style>\" + htmlDivCss + \"<\/style>\";\r\n\t\t\t\t\tdocument.getElementsByTagName(\"head\")[0].appendChild(htmlDiv.childNodes[0]);\r\n\t\t\t\t}\r\n\t\t\t<\/script>\n\t\t<script type=\"text\/javascript\">\r\n\t\t\t\t\t\t\/******************************************\r\n\t\t\t\t-\tPREPARE PLACEHOLDER FOR SLIDER\t-\r\n\t\t\t******************************************\/\r\n\r\n\t\t\tvar setREVStartSize=function(){\r\n\t\t\t\ttry{var e=new Object,i=jQuery(window).width(),t=9999,r=0,n=0,l=0,f=0,s=0,h=0;\r\n\t\t\t\t\te.c = jQuery('#rev_slider_5_1');\r\n\t\t\t\t\te.gridwidth = [1170];\r\n\t\t\t\t\te.gridheight = [768];\r\n\t\t\t\t\t\t\t\r\n\t\t\t\t\te.sliderLayout = \"fullwidth\";\r\n\t\t\t\t\tif(e.responsiveLevels&&(jQuery.each(e.responsiveLevels,function(e,f){f>i&&(t=r=f,l=e),i>f&&f>r&&(r=f,n=e)}),t>r&&(l=n)),f=e.gridheight[l]||e.gridheight[0]||e.gridheight,s=e.gridwidth[l]||e.gridwidth[0]||e.gridwidth,h=i\/s,h=h>1?1:h,f=Math.round(h*f),\"fullscreen\"==e.sliderLayout){var u=(e.c.width(),jQuery(window).height());if(void 0!=e.fullScreenOffsetContainer){var c=e.fullScreenOffsetContainer.split(\",\");if (c) jQuery.each(c,function(e,i){u=jQuery(i).length>0?u-jQuery(i).outerHeight(!0):u}),e.fullScreenOffset.split(\"%\").length>1&&void 0!=e.fullScreenOffset&&e.fullScreenOffset.length>0?u-=jQuery(window).height()*parseInt(e.fullScreenOffset,0)\/100:void 0!=e.fullScreenOffset&&e.fullScreenOffset.length>0&&(u-=parseInt(e.fullScreenOffset,0))}f=u}else void 0!=e.minHeight&&f<e.minHeight&&(f=e.minHeight);e.c.closest(\".rev_slider_wrapper\").css({height:f})\r\n\t\t\t\t\t\r\n\t\t\t\t}catch(d){console.log(\"Failure at Presize of Slider:\"+d)}\r\n\t\t\t};\r\n\t\t\t\r\n\t\t\tsetREVStartSize();\r\n\t\t\t\r\n\t\t\t\t\t\tvar tpj=jQuery;\r\n\t\t\t\r\n\t\t\tvar revapi5;\r\n\t\t\ttpj(document).ready(function() {\n\t\t\t\tif(tpj(\"#rev_slider_5_1\").revolution == undefined){\n\t\t\t\t\trevslider_showDoubleJqueryError(\"#rev_slider_5_1\");\n\t\t\t\t}else{\n\t\t\t\t\trevapi5 = tpj(\"#rev_slider_5_1\").show().revolution({\n\t\t\t\t\t\tsliderType:\"standard\",\njsFileLocation:\"\/\/osterialunarossa.de\/wp-content\/plugins\/revslider\/public\/assets\/js\/\",\n\t\t\t\t\t\tsliderLayout:\"fullwidth\",\n\t\t\t\t\t\tdottedOverlay:\"none\",\n\t\t\t\t\t\tdelay:9000,\n\t\t\t\t\t\tnavigation: {\n\t\t\t\t\t\t\tonHoverStop:\"off\",\n\t\t\t\t\t\t},\n\t\t\t\t\t\tvisibilityLevels:[1240,1024,778,480],\n\t\t\t\t\t\tgridwidth:1170,\n\t\t\t\t\t\tgridheight:768,\n\t\t\t\t\t\tlazyType:\"none\",\n\t\t\t\t\t\tparallax: {\n\t\t\t\t\t\t\ttype:\"mouse\",\n\t\t\t\t\t\t\torigo:\"enterpoint\",\n\t\t\t\t\t\t\tspeed:400,\n\t\t\t\t\t\t\tlevels:[5,10,15,20,25,30,35,40,45,46,47,48,49,50,51,55],\n\t\t\t\t\t\t},\n\t\t\t\t\t\tshadow:0,\n\t\t\t\t\t\tspinner:\"spinner0\",\n\t\t\t\t\t\tstopLoop:\"off\",\n\t\t\t\t\t\tstopAfterLoops:-1,\n\t\t\t\t\t\tstopAtSlide:-1,\n\t\t\t\t\t\tshuffle:\"off\",\n\t\t\t\t\t\tautoHeight:\"off\",\n\t\t\t\t\t\tdisableProgressBar:\"on\",\n\t\t\t\t\t\thideThumbsOnMobile:\"off\",\n\t\t\t\t\t\thideSliderAtLimit:0,\n\t\t\t\t\t\thideCaptionAtLimit:0,\n\t\t\t\t\t\thideAllCaptionAtLilmit:0,\n\t\t\t\t\t\tdebugMode:false,\n\t\t\t\t\t\tfallbacks: {\n\t\t\t\t\t\t\tsimplifyAll:\"off\",\n\t\t\t\t\t\t\tnextSlideOnWindowFocus:\"off\",\n\t\t\t\t\t\t\tdisableFocusListener:false,\n\t\t\t\t\t\t}\n\t\t\t\t\t});\n\t\t\t\t}\n\t\t\t});\t\/*ready*\/\n\t\t<\/script>\r\n\t\t<\/div><!-- END REVOLUTION SLIDER -->[\/vc_column_text][\/vc_column][\/vc_row][vc_row css=&#8220;.vc_custom_1490796361360{margin-top: 20px !important;padding-top: 0px !important;padding-bottom: 0px !important;}&#8220;][vc_column width=&#8220;1\/2&#8243;][vc_column_text]<\/p>\n<h4 class=\"m_1524392102987744311title\">Willkommen in der Osteria Luna Rossa<\/h4>\n<h5>Wir freuen uns Sie in unserer Osteria begr\u00fc\u00dfen zu d\u00fcrfen. Wir bieten Ihnen eine exklusive K\u00fcche mit au\u00dfergew\u00f6hnlichen mediteranen Speisen.<\/h5>\n<div>\n<h5>Saisonale, regionale und vor allem frische Produkte werden mit viel Liebe und Leidenschaft in die typisch italienischen Gerichte mit eingebracht, die alle Geschmackssinne ansprechen.<\/h5>\n<h5>Ausgew\u00e4hlte italienische Rotweine, die sanften Kl\u00e4nge von Laura Pausini und der mediterrane Duft von frischen Kr\u00e4utern runden die Genussreise gekonnt ab.<\/h5>\n<h5>&#8222;All diese Komponenten sind das, was WIR sind und das was UNS ausmacht\u201c\u2026&#8230;<\/h5>\n<\/div>\n<p>[\/vc_column_text][\/vc_column][vc_column width=&#8220;1\/2&#8243;][vc_row_inner][vc_column_inner width=&#8220;1\/2&#8243;][vc_single_image image=&#8220;10907&#8243; img_size=&#8220;medium&#8220; alignment=&#8220;center&#8220; style=&#8220;vc_box_shadow_border&#8220;][\/vc_column_inner][vc_column_inner width=&#8220;1\/2&#8243;][vc_single_image image=&#8220;10915&#8243; img_size=&#8220;medium&#8220; alignment=&#8220;center&#8220; style=&#8220;vc_box_shadow_border&#8220;][\/vc_column_inner][\/vc_row_inner][vc_row_inner][vc_column_inner width=&#8220;1\/2&#8243;]<div class=\"stats-block stats-top  \"><div class=\"aio-icon-top\"><div class=\"ult-just-icon-wrapper  \"><div class=\"align-icon\" style=\"text-align:center;\">\n<div class=\"aio-icon none \"  style=\"color:#a51d22;font-size:48px;display:inline-block;\">\n\t<i class=\"Evatheme-Icon-Fonts-thin-0871_meal_eating_restaurant_offer\"><\/i>\n<\/div><\/div><\/div><\/div><div class=\"stats-desc\" id=\"counter-responsv-wrap-7830\"><div id=\"counter_42815804769fb2737542e5\" data-id=\"counter_42815804769fb2737542e5\"  data-ultimate-target='#counter-responsv-wrap-7830 .stats-number'  data-responsive-json-new='{\"font-size\":\"desktop:38px;\",\"line-height\":\"\"}'  class=\"stats-number ult-responsive\" style=\" color:#000000; color:#000000;\" data-speed=\"3\" data-counter-value=\"43\" data-separator=\".\" data-decimal=\".\">0<\/div><div counter-responsv-wrap-7830  data-ultimate-target='#counter-responsv-wrap-7830 .stats-text'  data-responsive-json-new='{\"font-size\":\"\",\"line-height\":\"\"}'  class=\"stats-text ult-responsive\" style=\"font-size:18px; color:#000000; \">Speisekarte<\/div><\/div><\/div>[\/vc_column_inner][vc_column_inner width=&#8220;1\/2&#8243;]<div class=\"stats-block stats-top  \"><div class=\"aio-icon-top\"><div class=\"ult-just-icon-wrapper  \"><div class=\"align-icon\" style=\"text-align:center;\">\n<div class=\"aio-icon none \"  style=\"color:#a51d22;font-size:48px;display:inline-block;\">\n\t<i class=\"Evatheme-Icon-Fonts-thin-0861_vine_glass_drink\"><\/i>\n<\/div><\/div><\/div><\/div><div class=\"stats-desc\" id=\"counter-responsv-wrap-9777\"><div id=\"counter_207134314669fb27375434c\" data-id=\"counter_207134314669fb27375434c\"  data-ultimate-target='#counter-responsv-wrap-9777 .stats-number'  data-responsive-json-new='{\"font-size\":\"desktop:38px;\",\"line-height\":\"\"}'  class=\"stats-number ult-responsive\" style=\" color:#000000; color:#000000;\" data-speed=\"3\" data-counter-value=\"51\" data-separator=\".\" data-decimal=\".\">0<\/div><div counter-responsv-wrap-9777  data-ultimate-target='#counter-responsv-wrap-9777 .stats-text'  data-responsive-json-new='{\"font-size\":\"\",\"line-height\":\"\"}'  class=\"stats-text ult-responsive\" style=\"font-size:18px; color:#000000; \">Getr\u00e4nke und Weine<\/div><\/div><\/div>[\/vc_column_inner][\/vc_row_inner][\/vc_column][\/vc_row][vc_row css=&#8220;.vc_custom_1490793579717{margin-bottom: 100px !important;padding-top: 0px !important;padding-bottom: 0px !important;}&#8220;][vc_column width=&#8220;1\/3&#8243;]<div id=\"ultimate-heading-576969fb273754387\" class=\"uvc-heading ult-adjust-bottom-margin ultimate-heading-576969fb273754387 uvc-9291 \" data-hspacer=\"no_spacer\"  data-halign=\"left\" style=\"text-align:left\"><div class=\"uvc-heading-spacer no_spacer\" style=\"top\"><\/div><div class=\"uvc-main-heading ult-responsive\"  data-ultimate-target='.uvc-heading.ultimate-heading-576969fb273754387 h2'  data-responsive-json-new='{\"font-size\":\"desktop:38px;\",\"line-height\":\"desktop:54px;\"}' ><h2 style=\"font-weight:bold;color:#000000;margin-bottom:20px;\">``Aktuelle Tageskarte``<\/h2><\/div><div class=\"uvc-sub-heading ult-responsive\"  data-ultimate-target='.uvc-heading.ultimate-heading-576969fb273754387 .uvc-sub-heading '  data-responsive-json-new='{\"font-size\":\"desktop:18px;\",\"line-height\":\"desktop:28px;\"}'  style=\"font-weight:normal;margin-bottom:0px;\"><\/p>\n<h5>Auf Frische legt unsere K\u00fcche besonderen Wert.<\/h5>\n<h5>Wir bieten Ihnen eine w\u00f6chentlich wechselnde Tageskarte mit ausgesuchten Spezialit\u00e4ten der italienischen K\u00fcche &#8230;<\/h5>\n<p><\/div><\/div><div class=\" ubtn-ctn-left \"><a class=\"ubtn-link ult-adjust-bottom-margin ubtn-left ubtn-normal \" href = \"https:\/\/www.osterialunarossa.de\/?page_id=9976\" target='' ><button type=\"button\" id=\"ubtn-6195\" class=\"ubtn ult-adjust-bottom-margin ult-responsive ubtn-normal ubtn-fade-bg  none  ubtn-left   tooltip-69fb2737543ae\"  data-hover=\"#000000\" data-border-color=\"\" data-bg=\"#000000\" data-hover-bg=\"#a51d22\" data-border-hover=\"\" data-shadow-hover=\"\" data-shadow-click=\"none\" data-shadow=\"\" data-shd-shadow=\"\"  data-ultimate-target='#ubtn-6195'  data-responsive-json-new='{\"font-size\":\"\",\"line-height\":\"\"}'  style=\"font-weight:normal;border:none;background: #000000;color: #ffffff;\"><span class=\"ubtn-hover\" style=\"background-color:#a51d22\"><\/span><span class=\"ubtn-data ubtn-text \" >Zur Tageskarte<\/span><\/button><\/a><\/div>[\/vc_column][vc_column width=&#8220;2\/3&#8243;][vc_single_image image=&#8220;11025&#8243; img_size=&#8220;full&#8220; style=&#8220;vc_box_shadow_border&#8220;][\/vc_column][\/vc_row][vc_row bg_type=&#8220;image&#8220; parallax_style=&#8220;vcpb-vz-jquery&#8220; bg_image_new=&#8220;id^10846|url^http:\/\/osterialunarossa.habibs.de\/wp-content\/uploads\/2017\/01\/review-restaurant.jpg|caption^null|alt^null|title^review restaurant|description^null&#8220; bg_image_repeat=&#8220;no-repeat&#8220; bg_img_attach=&#8220;fixed&#8220; parallax_sense=&#8220;0&#8243; bg_override=&#8220;full&#8220; css=&#8220;.vc_custom_1490613150834{margin-top: 0px !important;margin-bottom: 0px !important;padding-top: 100px !important;padding-bottom: 100px !important;}&#8220;][vc_column width=&#8220;1\/6&#8243;][\/vc_column][vc_column width=&#8220;4\/6&#8243;]<div id=\"ult-carousel-113400233969fb27375445e\" class=\"ult-carousel-wrapper   ult_horizontal\" data-gutter=\"15\" data-rtl=\"false\" ><div class=\"ult-carousel-93968054669fb2737543eb \" >[vc_column_text]<\/p>\n<h4 style=\"text-align: center;\"><em><span style=\"color: #000000;\"><a style=\"color: #000000;\" href=\"https:\/\/www.facebook.com\/pg\/osterialunarossa\/reviews\/?ref=page_internal\"><strong>Sehr gutes Essen. Preis Leistung ist vollkommen gerechtfertigt!<\/strong><\/a><\/span><\/em><\/h4>\n<h4 style=\"text-align: center;\"><a href=\"https:\/\/www.facebook.com\/pg\/osterialunarossa\/reviews\/?ref=page_internal\"><span style=\"color: #000000;\"><strong>Stefan Job<\/strong><\/span><\/a><\/h4>\n<p>[\/vc_column_text][vc_column_text]<\/p>\n<div class=\"_58jw\" style=\"text-align: center;\">\n<h4 style=\"text-align: center;\"><em><span style=\"color: #000000;\"><strong><a style=\"color: #000000;\" href=\"https:\/\/www.facebook.com\/pg\/osterialunarossa\/reviews\/?ref=page_internal\">Top Lokal , einfach eine Empfehlung wert<\/a><span style=\"color: #000000;\">&#8230;<\/span><\/strong><\/span><\/em><\/h4>\n<h4><span style=\"color: #000000;\"><strong><a style=\"color: #000000;\" href=\"https:\/\/www.facebook.com\/pg\/osterialunarossa\/reviews\/?ref=page_internal\">Christian Lion<\/a><\/strong><\/span><\/h4>\n<\/div>\n<p>[\/vc_column_text][vc_column_text]<\/p>\n<h4 style=\"text-align: center;\"><em><a href=\"https:\/\/www.facebook.com\/pg\/osterialunarossa\/reviews\/?ref=page_internal\"><strong><span style=\"color: #000000;\"><span id=\"result_box\" class=\"\" lang=\"en\"><span class=\"\">Qualit\u00e4t immer gleichbleibend gut!<\/span><\/span><\/span><\/strong><\/a><\/em><\/h4>\n<h4 style=\"text-align: center;\"><strong><span class=\"fwn fcg\" style=\"color: #000000;\"><span class=\"fcg\"><span class=\"fwb\"><a id=\"js_59j\" class=\"profileLink\" style=\"color: #000000;\" href=\"https:\/\/www.facebook.com\/pg\/osterialunarossa\/reviews\/?ref=page_internal\" data-ft=\"{&quot;tn&quot;:&quot;l&quot;}\" data-hovercard=\"\/ajax\/hovercard\/user.php?id=100004547673400\" data-hovercard-prefer-more-content-show=\"1\">Margit K\u00f6pnick<\/a><\/span> <\/span><\/span><\/strong><\/h4>\n<p>[\/vc_column_text]<\/div><\/div>            <script type=\"text\/javascript\">\n\t\t\t\tjQuery(document).ready(function($){\n               \t\t$('.ult-carousel-93968054669fb2737543eb').slick({dots: true,autoplay: true,autoplaySpeed: 5000,speed: 200,infinite: true,arrows: false,slidesToScroll:1,slidesToShow:1,swipe: true,draggable: true,touchMove: true,responsive: [\n\t\t\t\t\t\t\t{\n\t\t\t\t\t\t\t  breakpoint: 1025,\n\t\t\t\t\t\t\t  settings: {\n\t\t\t\t\t\t\t\tslidesToShow: 1,\n\t\t\t\t\t\t\t\tslidesToScroll: 1,  \n\t\t\t\t\t\t\t  }\n\t\t\t\t\t\t\t},\n\t\t\t\t\t\t\t{\n\t\t\t\t\t\t\t  breakpoint: 769,\n\t\t\t\t\t\t\t  settings: {\n\t\t\t\t\t\t\t\tslidesToShow: 1,\n\t\t\t\t\t\t\t\tslidesToScroll: 1\n\t\t\t\t\t\t\t  }\n\t\t\t\t\t\t\t},\n\t\t\t\t\t\t\t{\n\t\t\t\t\t\t\t  breakpoint: 481,\n\t\t\t\t\t\t\t  settings: {\n\t\t\t\t\t\t\t\tslidesToShow: 1,\n\t\t\t\t\t\t\t\tslidesToScroll: 1\n\t\t\t\t\t\t\t  }\n\t\t\t\t\t\t\t}\n\t\t\t\t\t\t],pauseOnHover: true,\n\t\t\t\t\t\tpauseOnDotsHover: true,customPaging: function(slider, i) {\n                   return '<i type=\"button\" style=\"color:#ffffff;\" class=\"ultsl-radio-unchecked\" data-role=\"none\"><\/i>';\n                },});\n\t\t\t\t});\n\t\t\t<\/script>\n            [\/vc_column][vc_column width=&#8220;1\/6&#8243;][\/vc_column][\/vc_row][vc_row css=&#8220;.vc_custom_1490793705925{margin-top: 0px !important;margin-bottom: 0px !important;padding-top: 100px !important;}&#8220;][vc_column]<div id=\"ultimate-heading-957169fb2737545f7\" class=\"uvc-heading ult-adjust-bottom-margin ultimate-heading-957169fb2737545f7 uvc-9849 \" data-hspacer=\"image_only\"  data-halign=\"center\" style=\"text-align:center\"><div class=\"uvc-heading-spacer image_only\" style=\"margin-bottom:20px;\"><img decoding=\"async\" src=\"https:\/\/osterialunarossa.de\/wp-content\/uploads\/2017\/03\/osteria-1-1.png\" class=\"ultimate-headings-icon-image\" alt=\"null\" style=\"width:110px\"\/><\/div><div class=\"uvc-sub-heading ult-responsive\"  data-ultimate-target='.uvc-heading.ultimate-heading-957169fb2737545f7 .uvc-sub-heading '  data-responsive-json-new='{\"font-size\":\"desktop:34px;\",\"line-height\":\"\"}'  style=\"font-weight:bold;color:#000000;margin-bottom:20px;\"><\/p>\n<div>ACHTUNG !!! Es kommt keine automatische Antwort,\u00a0alle Reservierungsanfragen \u00a0beantworten wir pers\u00f6nlich ,so schnell wie m\u00f6glich !<\/div>\n<div><strong>\u00d6ffnungszeiten<\/strong><\/div>\n<div><\/div>\n<div>Montag bis Samstag: Ab 17,30 Uhr\u00a0bis 24 Uhr<\/div>\n<div>Sonntag:\u00a0geschlossen<\/div>\n<div>Reservierung <a href=\"tel:+49 941 5997933\"><strong>0941-599 7933<\/strong><\/a><\/div>\n<h5>Auf Wunsch kann f\u00fcr Veranstaltungen ,geschlossene Gesellschaften ab 30 Personen, dass Lokal auch au\u00dferhalb der \u00d6ffnungszeiten ge\u00f6ffnet werden!<br \/>\nKontaktieren Sie uns f\u00fcr weitere Informationen. Gerne beraten wir Sie \u00fcber die M\u00f6glichkeiten.<\/h5>\n<p><\/div><\/div>[vc_row_inner][vc_column_inner width=&#8220;1\/6&#8243;][\/vc_column_inner][vc_column_inner width=&#8220;4\/6&#8243;][vc_wp_text]\n<div class=\"wpcf7 no-js\" id=\"wpcf7-f11408-o1\" lang=\"de-DE\" dir=\"ltr\" data-wpcf7-id=\"11408\">\n<div class=\"screen-reader-response\"><p role=\"status\" aria-live=\"polite\" aria-atomic=\"true\"><\/p> <ul><\/ul><\/div>\n<form action=\"\/index.php?rest_route=%2Fwp%2Fv2%2Fpages%2F10376#wpcf7-f11408-o1\" method=\"post\" class=\"wpcf7-form init\" aria-label=\"Kontaktformular\" novalidate=\"novalidate\" data-status=\"init\">\n<fieldset class=\"hidden-fields-container\"><input type=\"hidden\" name=\"_wpcf7\" value=\"11408\" \/><input type=\"hidden\" name=\"_wpcf7_version\" value=\"6.1.5\" \/><input type=\"hidden\" name=\"_wpcf7_locale\" value=\"de_DE\" \/><input type=\"hidden\" name=\"_wpcf7_unit_tag\" value=\"wpcf7-f11408-o1\" \/><input type=\"hidden\" name=\"_wpcf7_container_post\" value=\"0\" \/><input type=\"hidden\" name=\"_wpcf7_posted_data_hash\" value=\"\" \/>\n<\/fieldset>\n<div class=\"cstheme_contactform_type10\">\n\t<div class=\"clearfix\">\n\t\t<p><span class=\"wpcf7-form-control-wrap\" data-name=\"your-name\"><input size=\"40\" maxlength=\"400\" class=\"wpcf7-form-control wpcf7-text wpcf7-validates-as-required\" aria-required=\"true\" aria-invalid=\"false\" placeholder=\"Ihr Name\" value=\"\" type=\"text\" name=\"your-name\" \/><\/span><br \/>\n<span class=\"wpcf7-form-control-wrap\" data-name=\"your-email\"><input size=\"40\" maxlength=\"400\" class=\"wpcf7-form-control wpcf7-email wpcf7-validates-as-required wpcf7-text wpcf7-validates-as-email\" aria-required=\"true\" aria-invalid=\"false\" placeholder=\"Ihre E-Mail-Adresse\" value=\"\" type=\"email\" name=\"your-email\" \/><\/span><br \/>\n<span class=\"wpcf7-form-control-wrap\" data-name=\"telephone\"><input size=\"40\" maxlength=\"400\" class=\"wpcf7-form-control wpcf7-tel wpcf7-text wpcf7-validates-as-tel\" aria-invalid=\"false\" placeholder=\"Telefon\" value=\"\" type=\"tel\" name=\"telephone\" \/><\/span>\n\t\t<\/p>\n\t<\/div>\n\t<div class=\"clearfix\">\n\t\t<p><span class=\"wpcf7-form-control-wrap\" data-name=\"anzahl\"><select class=\"wpcf7-form-control wpcf7-select\" aria-invalid=\"false\" name=\"anzahl\"><option value=\"1 Person\">1 Person<\/option><option value=\"2 Personen\">2 Personen<\/option><option value=\"3 Personen\">3 Personen<\/option><option value=\"4 Personen\">4 Personen<\/option><option value=\"5 Personen\">5 Personen<\/option><option value=\"5+ Personen\">5+ Personen<\/option><\/select><\/span><br \/>\n<span class=\"wpcf7-form-control-wrap datum-und-zeit\"><input size=\"40\" class=\"wpcf7-form-control wpcf7-datetime wpcf7-date\" type=\"text\" placeholder=\"13.08.2025 17:00\" value=\"\" name=\"datum-und-zeit\" \/> <\/span>\n\t\t<\/p>\n\t<\/div>\n\t<div class=\"clearfix\">\n\t\t<p><span class=\"wpcf7-form-control-wrap\" data-name=\"nachricht\"><textarea cols=\"40\" rows=\"10\" maxlength=\"2000\" class=\"wpcf7-form-control wpcf7-textarea\" aria-invalid=\"false\" placeholder=\"Nachricht\" name=\"nachricht\"><\/textarea><\/span>\n\t\t<\/p>\n\t<\/div>\n\t<div class=\"clearfix text-center\">\n\t\t<p><input class=\"wpcf7-form-control wpcf7-submit has-spinner\" type=\"submit\" value=\"RESERVIEREN\" \/>\n\t\t<\/p>\n\t<\/div>\n<\/div><p style=\"display: none !important;\" class=\"akismet-fields-container\" data-prefix=\"_wpcf7_ak_\"><label>&#916;<textarea name=\"_wpcf7_ak_hp_textarea\" cols=\"45\" rows=\"8\" maxlength=\"100\"><\/textarea><\/label><input type=\"hidden\" id=\"ak_js_1\" name=\"_wpcf7_ak_js\" value=\"140\"\/><script type=\"text\/javascript\">\n\/* <![CDATA[ *\/\ndocument.getElementById( \"ak_js_1\" ).setAttribute( \"value\", ( new Date() ).getTime() );\n\/* ]]> *\/\n<\/script>\n<\/p><div class=\"wpcf7-response-output\" aria-hidden=\"true\"><\/div>\n<\/form>\n<\/div>\n[\/vc_wp_text][\/vc_column_inner][vc_column_inner width=&#8220;1\/6&#8243;][\/vc_column_inner][\/vc_row_inner][\/vc_column][\/vc_row]<\/p>\n","protected":false},"excerpt":{"rendered":"<p>[vc_row css=&#8220;.vc_custom_1484752003022{margin-top: 0px !important;margin-bottom: 0px !important;padding-top: 0px !important;padding-bottom: 0px !important;}&#8220;][vc_column][vc_column_text][\/vc_column_text][\/vc_column][\/vc_row][vc_row css=&#8220;.vc_custom_1490796361360{margin-top: 20px !important;padding-top: 0px !important;padding-bottom: 0px !important;}&#8220;][vc_column width=&#8220;1\/2&#8243;][vc_column_text] Willkommen in der Osteria Luna Rossa Wir freuen uns Sie in unserer Osteria begr\u00fc\u00dfen zu d\u00fcrfen. Wir bieten Ihnen eine exklusive K\u00fcche mit au\u00dfergew\u00f6hnlichen mediteranen Speisen. Saisonale, regionale und vor allem frische Produkte werden mit viel Liebe [&hellip;]<\/p>\n","protected":false},"author":1,"featured_media":0,"parent":0,"menu_order":0,"comment_status":"closed","ping_status":"closed","template":"","meta":{"_bbp_topic_count":0,"_bbp_reply_count":0,"_bbp_total_topic_count":0,"_bbp_total_reply_count":0,"_bbp_voice_count":0,"_bbp_anonymous_reply_count":0,"_bbp_topic_count_hidden":0,"_bbp_reply_count_hidden":0,"_bbp_forum_subforum_count":0,"footnotes":""},"class_list":["post-10376","page","type-page","status-publish","hentry"],"_links":{"self":[{"href":"https:\/\/osterialunarossa.de\/index.php?rest_route=\/wp\/v2\/pages\/10376","targetHints":{"allow":["GET"]}}],"collection":[{"href":"https:\/\/osterialunarossa.de\/index.php?rest_route=\/wp\/v2\/pages"}],"about":[{"href":"https:\/\/osterialunarossa.de\/index.php?rest_route=\/wp\/v2\/types\/page"}],"author":[{"embeddable":true,"href":"https:\/\/osterialunarossa.de\/index.php?rest_route=\/wp\/v2\/users\/1"}],"replies":[{"embeddable":true,"href":"https:\/\/osterialunarossa.de\/index.php?rest_route=%2Fwp%2Fv2%2Fcomments&post=10376"}],"version-history":[{"count":156,"href":"https:\/\/osterialunarossa.de\/index.php?rest_route=\/wp\/v2\/pages\/10376\/revisions"}],"predecessor-version":[{"id":11416,"href":"https:\/\/osterialunarossa.de\/index.php?rest_route=\/wp\/v2\/pages\/10376\/revisions\/11416"}],"wp:attachment":[{"href":"https:\/\/osterialunarossa.de\/index.php?rest_route=%2Fwp%2Fv2%2Fmedia&parent=10376"}],"curies":[{"name":"wp","href":"https:\/\/api.w.org\/{rel}","templated":true}]}}