{"id":11318,"date":"2022-06-27T09:34:11","date_gmt":"2022-06-27T09:34:11","guid":{"rendered":"https:\/\/www.osterialunarossa.de\/?page_id=11318"},"modified":"2023-03-13T10:40:47","modified_gmt":"2023-03-13T10:40:47","slug":"impressum","status":"publish","type":"page","link":"https:\/\/osterialunarossa.de\/?page_id=11318","title":{"rendered":"Impressum"},"content":{"rendered":"<p>Impressum, Kontaktdaten und Rechtliches. Vielen Dank f\u00fcr Ihren Besuch! Sch\u00f6n, dass Sie sich auf unserer Webseite umsehen und sich \u00fcber uns informieren. Wenn Sie weitere Informationen ben\u00f6tigen, kontaktieren Sie uns.<\/p>\n<table class=\"layout_table_im_content\">\n<tbody>\n<tr>\n<td class=\"width_150\">Anschrift<\/td>\n<td><strong>Luna Rossa Regensburg<br \/>\n<\/strong><\/td>\n<\/tr>\n<tr>\n<td class=\"width_150\"><\/td>\n<td>Fischg\u00e4ssel 1<\/td>\n<\/tr>\n<tr>\n<td class=\"width_150\"><\/td>\n<td>D-93047 Regensburg<\/td>\n<\/tr>\n<\/tbody>\n<\/table>\n<p>&nbsp;<\/p>\n<h3>\u00d6ffnungszeiten<\/h3>\n<table class=\"layout_table_im_content\">\n<tbody>\n<tr>\n<td class=\"width_150\">Telefon<\/td>\n<td>+49 (0)941 &#8211; 599 7933<\/td>\n<\/tr>\n<tr>\n<td class=\"width_150\">E-Mail<\/td>\n<td><a href=\"mailto:info@osterialunarossa.de\">info@osterialunarossa.de<\/a><\/td>\n<\/tr>\n<tr>\n<td class=\"width_150\">Internet<\/td>\n<td><a href=\"https:\/\/www.osterialunarossa.de\">www.osterialunarossa.de<\/a><\/td>\n<\/tr>\n<\/tbody>\n<\/table>\n<p>&nbsp;<\/p>\n<table class=\"layout_table_im_content\">\n<tbody>\n<tr>\n<td class=\"width_150\">Autor und Betreiber<\/td>\n<td>Paula Benchea<\/td>\n<\/tr>\n<tr>\n<td class=\"width_150\">Seuernummer:<\/td>\n<td>244 \/ 204 \/ 01325<\/td>\n<\/tr>\n<tr>\n<td class=\"width_150\">USt-IdNr:<\/td>\n<td>DE 238 074 816<\/td>\n<\/tr>\n<\/tbody>\n<\/table>\n<p>&nbsp;<\/p>\n<h3>Inhalte und Rechtliche Hinweise<\/h3>\n<p>Der jeweilige Autor und Betreiber dieser Internetseite, wie im Impressum festgelegt, ist inhaltlich verantwortlich gem\u00e4\u00df \u00a7 6 MDStV und \u00a7 55 Abs. 2 RStV, nachfolgend Autor oder Betreiber dieser Internetseite genannt, \u00fcbernimmt keinerlei Gew\u00e4hr f\u00fcr die Aktualit\u00e4t, Vollst\u00e4ndigkeit, Korrektheit und Qualit\u00e4t der bereitgestellten Informationen auf dessen Internetseiten (inklusive aller Domains, Subdomains und Abwandlungen der Hauptdomain). Haftungsanspr\u00fcche gegen den Autor und Betreiber, welche sich auf Sch\u00e4den materieller oder ideeller Art beziehen, die durch die Nutzung oder Nichtnutzung der dargebotenen Informationen bzw. durch die Nutzung fehlerhafter und unvollst\u00e4ndiger Informationen verursacht wurden, sind grunds\u00e4tzlich ausgeschlossen, sofern seitens des Autors und Betreibers kein nachweislich vors\u00e4tzliches oder grob fahrl\u00e4ssiges Verschulden vorliegt.<\/p>\n<p>Alle Angebote sind freibleibend und unverbindlich. Der Autor und Betreiber dieser Internetseite beh\u00e4lt es sich ausdr\u00fccklich vor, Teile der Seiten oder das gesamte Angebot ohne gesonderte Ank\u00fcndigung zu ver\u00e4ndern, zu erg\u00e4nzen, zu l\u00f6schen oder die Ver\u00f6ffentlichung zeitweise oder endg\u00fcltig einzustellen.<\/p>\n<p><strong>Kontaktm\u00f6glichkeit bei datenschutzrechtlichen Belangen:<\/strong><\/p>\n<p>Paula Benchea<\/p>\n<h3>Verlinkung \/ DISCLAIMER<\/h3>\n<p>Die verlinkten Internetseiten werden st\u00e4ndig und sorgf\u00e4ltig gepr\u00fcft. Trotz dieser Pr\u00fcfungen kann keine Garantie und Haftung daf\u00fcr \u00fcbernommen werden, dass die externen Links (inkl. Fremdeintr\u00e4ge in eingerichteten G\u00e4steb\u00fcchern, Diskussionsforen und Mailinglisten), auf die diese Webseiten direkt oder indirekt verweisen, richtig und in jedem Fall aktuell sind. Der Autor und Betreiber dieser Internetseite ist f\u00fcr den Inhalt von fremden Webseiten, die mit einem solchen Link erreicht werden, nicht verantwortlich und distanziert sich hiermit von den dort gezeigten Inhalten.<\/p>\n<p>Copyright \u00a9 Luna Rossa Regensburg, alle Rechte vorbehalten.<\/p>\n","protected":false},"excerpt":{"rendered":"<p>Impressum, Kontaktdaten und Rechtliches. Vielen Dank f\u00fcr Ihren Besuch! Sch\u00f6n, dass Sie sich auf unserer Webseite umsehen und sich \u00fcber uns informieren. Wenn Sie weitere Informationen ben\u00f6tigen, kontaktieren Sie uns. Anschrift Luna Rossa Regensburg Fischg\u00e4ssel 1 D-93047 Regensburg &nbsp; \u00d6ffnungszeiten Telefon +49 (0)941 &#8211; 599 7933 E-Mail info@osterialunarossa.de Internet www.osterialunarossa.de &nbsp; Autor und Betreiber Paula [&hellip;]<\/p>\n","protected":false},"author":1,"featured_media":0,"parent":0,"menu_order":0,"comment_status":"closed","ping_status":"closed","template":"","meta":{"_bbp_topic_count":0,"_bbp_reply_count":0,"_bbp_total_topic_count":0,"_bbp_total_reply_count":0,"_bbp_voice_count":0,"_bbp_anonymous_reply_count":0,"_bbp_topic_count_hidden":0,"_bbp_reply_count_hidden":0,"_bbp_forum_subforum_count":0,"footnotes":""},"class_list":["post-11318","page","type-page","status-publish","hentry"],"_links":{"self":[{"href":"https:\/\/osterialunarossa.de\/index.php?rest_route=\/wp\/v2\/pages\/11318","targetHints":{"allow":["GET"]}}],"collection":[{"href":"https:\/\/osterialunarossa.de\/index.php?rest_route=\/wp\/v2\/pages"}],"about":[{"href":"https:\/\/osterialunarossa.de\/index.php?rest_route=\/wp\/v2\/types\/page"}],"author":[{"embeddable":true,"href":"https:\/\/osterialunarossa.de\/index.php?rest_route=\/wp\/v2\/users\/1"}],"replies":[{"embeddable":true,"href":"https:\/\/osterialunarossa.de\/index.php?rest_route=%2Fwp%2Fv2%2Fcomments&post=11318"}],"version-history":[{"count":5,"href":"https:\/\/osterialunarossa.de\/index.php?rest_route=\/wp\/v2\/pages\/11318\/revisions"}],"predecessor-version":[{"id":11336,"href":"https:\/\/osterialunarossa.de\/index.php?rest_route=\/wp\/v2\/pages\/11318\/revisions\/11336"}],"wp:attachment":[{"href":"https:\/\/osterialunarossa.de\/index.php?rest_route=%2Fwp%2Fv2%2Fmedia&parent=11318"}],"curies":[{"name":"wp","href":"https:\/\/api.w.org\/{rel}","templated":true}]}}