{"id":9980,"date":"2017-01-12T23:33:16","date_gmt":"2017-01-12T23:33:16","guid":{"rendered":"http:\/\/restorator.evatheme.com\/?page_id=9980"},"modified":"2025-10-28T17:31:41","modified_gmt":"2025-10-28T17:31:41","slug":"reservation","status":"publish","type":"page","link":"https:\/\/osterialunarossa.de\/?page_id=9980","title":{"rendered":"Reservierung restaurant regensburg"},"content":{"rendered":"<p>[vc_row][vc_column][vc_wp_text]\n<div class=\"wpcf7 no-js\" id=\"wpcf7-f11408-o1\" lang=\"de-DE\" dir=\"ltr\" data-wpcf7-id=\"11408\">\n<div class=\"screen-reader-response\"><p role=\"status\" aria-live=\"polite\" aria-atomic=\"true\"><\/p> <ul><\/ul><\/div>\n<form action=\"\/index.php?rest_route=%2Fwp%2Fv2%2Fpages%2F9980#wpcf7-f11408-o1\" method=\"post\" class=\"wpcf7-form init\" aria-label=\"Kontaktformular\" novalidate=\"novalidate\" data-status=\"init\">\n<fieldset class=\"hidden-fields-container\"><input type=\"hidden\" name=\"_wpcf7\" value=\"11408\" \/><input type=\"hidden\" name=\"_wpcf7_version\" value=\"6.1.5\" \/><input type=\"hidden\" name=\"_wpcf7_locale\" value=\"de_DE\" \/><input type=\"hidden\" name=\"_wpcf7_unit_tag\" value=\"wpcf7-f11408-o1\" \/><input type=\"hidden\" name=\"_wpcf7_container_post\" value=\"0\" \/><input type=\"hidden\" name=\"_wpcf7_posted_data_hash\" value=\"\" \/>\n<\/fieldset>\n<div class=\"cstheme_contactform_type10\">\n\t<div class=\"clearfix\">\n\t\t<p><span class=\"wpcf7-form-control-wrap\" data-name=\"your-name\"><input size=\"40\" maxlength=\"400\" class=\"wpcf7-form-control wpcf7-text wpcf7-validates-as-required\" aria-required=\"true\" aria-invalid=\"false\" placeholder=\"Ihr Name\" value=\"\" type=\"text\" name=\"your-name\" \/><\/span><br \/>\n<span class=\"wpcf7-form-control-wrap\" data-name=\"your-email\"><input size=\"40\" maxlength=\"400\" class=\"wpcf7-form-control wpcf7-email wpcf7-validates-as-required wpcf7-text wpcf7-validates-as-email\" aria-required=\"true\" aria-invalid=\"false\" placeholder=\"Ihre E-Mail-Adresse\" value=\"\" type=\"email\" name=\"your-email\" \/><\/span><br \/>\n<span class=\"wpcf7-form-control-wrap\" data-name=\"telephone\"><input size=\"40\" maxlength=\"400\" class=\"wpcf7-form-control wpcf7-tel wpcf7-text wpcf7-validates-as-tel\" aria-invalid=\"false\" placeholder=\"Telefon\" value=\"\" type=\"tel\" name=\"telephone\" \/><\/span>\n\t\t<\/p>\n\t<\/div>\n\t<div class=\"clearfix\">\n\t\t<p><span class=\"wpcf7-form-control-wrap\" data-name=\"anzahl\"><select class=\"wpcf7-form-control wpcf7-select\" aria-invalid=\"false\" name=\"anzahl\"><option value=\"1 Person\">1 Person<\/option><option value=\"2 Personen\">2 Personen<\/option><option value=\"3 Personen\">3 Personen<\/option><option value=\"4 Personen\">4 Personen<\/option><option value=\"5 Personen\">5 Personen<\/option><option value=\"5+ Personen\">5+ Personen<\/option><\/select><\/span><br \/>\n<span class=\"wpcf7-form-control-wrap datum-und-zeit\"><input size=\"40\" class=\"wpcf7-form-control wpcf7-datetime wpcf7-date\" type=\"text\" placeholder=\"13.08.2025 17:00\" value=\"\" name=\"datum-und-zeit\" \/> <\/span>\n\t\t<\/p>\n\t<\/div>\n\t<div class=\"clearfix\">\n\t\t<p><span class=\"wpcf7-form-control-wrap\" data-name=\"nachricht\"><textarea cols=\"40\" rows=\"10\" maxlength=\"2000\" class=\"wpcf7-form-control wpcf7-textarea\" aria-invalid=\"false\" placeholder=\"Nachricht\" name=\"nachricht\"><\/textarea><\/span>\n\t\t<\/p>\n\t<\/div>\n\t<div class=\"clearfix text-center\">\n\t\t<p><input class=\"wpcf7-form-control wpcf7-submit has-spinner\" type=\"submit\" value=\"RESERVIEREN\" \/>\n\t\t<\/p>\n\t<\/div>\n<\/div><p style=\"display: none !important;\" class=\"akismet-fields-container\" data-prefix=\"_wpcf7_ak_\"><label>&#916;<textarea name=\"_wpcf7_ak_hp_textarea\" cols=\"45\" rows=\"8\" maxlength=\"100\"><\/textarea><\/label><input type=\"hidden\" id=\"ak_js_1\" name=\"_wpcf7_ak_js\" value=\"60\"\/><script type=\"text\/javascript\">\n\/* <![CDATA[ *\/\ndocument.getElementById( \"ak_js_1\" ).setAttribute( \"value\", ( new Date() ).getTime() );\n\/* ]]> *\/\n<\/script>\n<\/p><div class=\"wpcf7-response-output\" aria-hidden=\"true\"><\/div>\n<\/form>\n<\/div>\n[\/vc_wp_text][vc_column_text]<\/p>\n<div>\u00a0 \u00a0 \u00a0 ACHTUNG!!!-Es kommt keine automatische Antwort, alle Reservierungsanfragen \u00a0beantworten wir pers\u00f6nlich ,so schnell wie m\u00f6glich !<\/div>\n<div style=\"text-align: center;\"><strong>\u00d6ffnungszeiten<\/strong><\/div>\n<div style=\"text-align: center;\"><\/div>\n<div style=\"text-align: center;\">Montag bis Samstag: Ab 17,30 Uhr\u00a0bis 24 Uhr<\/div>\n<div style=\"text-align: center;\">Sonntag:\u00a0geschlossen<\/div>\n<div style=\"text-align: center;\">Reservierung \u2013\u00a0<a href=\"tel:+49 941 5997933\"><strong>0941-599 7933<\/strong><\/a><\/div>\n<div><\/div>\n<h6 style=\"text-align: center;\">Auf Wunsch kann f\u00fcr gr\u00f6ssere Gesellschaften oder Veranstaltungen das Lokal auch au\u00dferhalb der \u00d6ffnungszeiten ge\u00f6ffnet werden.<br \/>\nKontaktieren Sie uns f\u00fcr weitere Informationen. Gerne beraten wir Sie \u00fcber die M\u00f6glichkeiten.<\/h6>\n<p>[\/vc_column_text][\/vc_column][\/vc_row][vc_row][vc_column][\/vc_column][\/vc_row]<\/p>\n","protected":false},"excerpt":{"rendered":"<p>[vc_row][vc_column][vc_wp_text][\/vc_wp_text][vc_column_text] \u00a0 \u00a0 \u00a0 ACHTUNG!!!-Es kommt keine automatische Antwort, alle Reservierungsanfragen \u00a0beantworten wir pers\u00f6nlich ,so schnell wie m\u00f6glich ! \u00d6ffnungszeiten Montag bis Samstag: Ab 17,30 Uhr\u00a0bis 24 Uhr Sonntag:\u00a0geschlossen Reservierung \u2013\u00a00941-599 7933 Auf Wunsch kann f\u00fcr gr\u00f6ssere Gesellschaften oder Veranstaltungen das Lokal auch au\u00dferhalb der \u00d6ffnungszeiten ge\u00f6ffnet werden. Kontaktieren Sie uns f\u00fcr weitere Informationen. Gerne [&hellip;]<\/p>\n","protected":false},"author":1,"featured_media":0,"parent":0,"menu_order":0,"comment_status":"closed","ping_status":"closed","template":"","meta":{"_bbp_topic_count":0,"_bbp_reply_count":0,"_bbp_total_topic_count":0,"_bbp_total_reply_count":0,"_bbp_voice_count":0,"_bbp_anonymous_reply_count":0,"_bbp_topic_count_hidden":0,"_bbp_reply_count_hidden":0,"_bbp_forum_subforum_count":0,"footnotes":""},"class_list":["post-9980","page","type-page","status-publish","hentry"],"_links":{"self":[{"href":"https:\/\/osterialunarossa.de\/index.php?rest_route=\/wp\/v2\/pages\/9980","targetHints":{"allow":["GET"]}}],"collection":[{"href":"https:\/\/osterialunarossa.de\/index.php?rest_route=\/wp\/v2\/pages"}],"about":[{"href":"https:\/\/osterialunarossa.de\/index.php?rest_route=\/wp\/v2\/types\/page"}],"author":[{"embeddable":true,"href":"https:\/\/osterialunarossa.de\/index.php?rest_route=\/wp\/v2\/users\/1"}],"replies":[{"embeddable":true,"href":"https:\/\/osterialunarossa.de\/index.php?rest_route=%2Fwp%2Fv2%2Fcomments&post=9980"}],"version-history":[{"count":39,"href":"https:\/\/osterialunarossa.de\/index.php?rest_route=\/wp\/v2\/pages\/9980\/revisions"}],"predecessor-version":[{"id":11417,"href":"https:\/\/osterialunarossa.de\/index.php?rest_route=\/wp\/v2\/pages\/9980\/revisions\/11417"}],"wp:attachment":[{"href":"https:\/\/osterialunarossa.de\/index.php?rest_route=%2Fwp%2Fv2%2Fmedia&parent=9980"}],"curies":[{"name":"wp","href":"https:\/\/api.w.org\/{rel}","templated":true}]}}